{"id":369,"date":"2023-08-31T17:55:57","date_gmt":"2023-08-31T15:55:57","guid":{"rendered":"https:\/\/www.compsa.cat\/?page_id=369"},"modified":"2023-10-10T17:01:57","modified_gmt":"2023-10-10T15:01:57","slug":"home","status":"publish","type":"page","link":"https:\/\/www.compsa.cat\/en\/","title":{"rendered":"Home"},"content":{"rendered":"<div class=\"compsa_landing_heading\">\r\n    <div class=\"compsa_landing_heading_wrapper\">\r\n        <div class=\"compsa_landing_heading_title\">\r\n            We help you manage your finances, taxes, and much more!        <\/div>\r\n        <div class=\"compsa_landing_heading_content\">\r\n            Your trusted comprehensive consultancy in Lleida and Balaguer that accompanies you at all times.        <\/div>\r\n        <a href=\"\/en\/contacte\/\">\r\n            <div class=\"compsa_button compsa_landing_heading_button\">\r\n                Contact Us            <\/div>\r\n        <\/a>\r\n    <\/div>\r\n<\/div><div class=\"compsa_landing_logos\">\r\n    <div class=\"compsa_landing_logos_wrapper compsa_content_divider\">\r\n        \r\n            <div class=\"compsa_landing_icon\">\r\n                <img decoding=\"async\" src=\"https:\/\/www.compsa.cat\/wp-content\/uploads\/shirt.svg\" alt=\"Self-employed\" \/>\r\n                <span class=\"compsa_landing_logo_title\">\r\n                    Self-employed                <\/span>\r\n            <\/div>\r\n            <div class=\"compsa_separator\"><\/div>\r\n        \r\n            <div class=\"compsa_landing_icon\">\r\n                <img decoding=\"async\" src=\"https:\/\/www.compsa.cat\/wp-content\/uploads\/building-apartment.svg\" alt=\"Companies\" \/>\r\n                <span class=\"compsa_landing_logo_title\">\r\n                    Companies                <\/span>\r\n            <\/div>\r\n            <div class=\"compsa_separator\"><\/div>\r\n        \r\n            <div class=\"compsa_landing_icon\">\r\n                <img decoding=\"async\" src=\"https:\/\/www.compsa.cat\/wp-content\/uploads\/building-house.svg\" alt=\"Individuals\" \/>\r\n                <span class=\"compsa_landing_logo_title\">\r\n                    Individuals                <\/span>\r\n            <\/div>\r\n            <div class=\"compsa_separator\"><\/div>\r\n            <\/div>\r\n<\/div><div class=\"compsa_landing_services\">\r\n    <div class=\"compsa_langing_services_title\">Services<\/div>\r\n    <div class=\"compsa_langing_services_subtitle\">We offer a range of comprehensive services to cover all your needs.<\/div>\r\n    <div class=\"compsa_landing_services_wrapper\">\r\n\r\n\r\n                    <div class=\"compsa_landing_service_card\">\r\n                <div class=\"compsa_card_logo\">\r\n                    <img decoding=\"async\" src=\"https:\/\/www.compsa.cat\/wp-content\/uploads\/fiscalComptable_dark.svg\" alt=\"TAX AND ACCOUNTING CONSULTANCY\">\r\n                <\/div>\r\n                <div class=\"compsa_car_content_wrapper\">\r\n                    <div class=\"compsa_card_title\">\r\n                        TAX AND ACCOUNTING CONSULTANCY                    <\/div>\r\n                    <p class=\"compsa_card_content\">\r\n                        Continuous monitoring and advice on fiscal and accounting management. Compilation of official books - daily book, balance book, VAT book, Ledger...                    <\/p>\r\n                    <a href=\"serveis#fiscalComptable\" class=\"compsa_button_anchor\">\r\n                        <div class=\"compsa_button compsa_card_button\">\r\n                            Read More                        <\/div>\r\n                    <\/a>\r\n                <\/div>\r\n            <\/div>\r\n                    <div class=\"compsa_landing_service_card\">\r\n                <div class=\"compsa_card_logo\">\r\n                    <img decoding=\"async\" src=\"https:\/\/www.compsa.cat\/wp-content\/uploads\/laboral_dark.svg\" alt=\"LABOR CONSULTANCY\">\r\n                <\/div>\r\n                <div class=\"compsa_car_content_wrapper\">\r\n                    <div class=\"compsa_card_title\">\r\n                        LABOR CONSULTANCY                    <\/div>\r\n                    <p class=\"compsa_card_content\">\r\n                        We advise you on all aspects related to the management of labor procedures whether as an employer, self-employed or employee and manage the procedures you need.                    <\/p>\r\n                    <a href=\"serveis#laboral\" class=\"compsa_button_anchor\">\r\n                        <div class=\"compsa_button compsa_card_button\">\r\n                            Read More                        <\/div>\r\n                    <\/a>\r\n                <\/div>\r\n            <\/div>\r\n                    <div class=\"compsa_landing_service_card\">\r\n                <div class=\"compsa_card_logo\">\r\n                    <img decoding=\"async\" src=\"https:\/\/www.compsa.cat\/wp-content\/uploads\/juridica_dark.svg\" alt=\"LEGAL CONSULTANCY\">\r\n                <\/div>\r\n                <div class=\"compsa_car_content_wrapper\">\r\n                    <div class=\"compsa_card_title\">\r\n                        LEGAL CONSULTANCY                    <\/div>\r\n                    <p class=\"compsa_card_content\">\r\n                        We offer a wide specialized legal service in the different areas of the sector and where we accompany you throughout the process and help you make the best decisions.                    <\/p>\r\n                    <a href=\"serveis#juridica\" class=\"compsa_button_anchor\">\r\n                        <div class=\"compsa_button compsa_card_button\">\r\n                            Read More                        <\/div>\r\n                    <\/a>\r\n                <\/div>\r\n            <\/div>\r\n                    <div class=\"compsa_landing_service_card\">\r\n                <div class=\"compsa_card_logo\">\r\n                    <img decoding=\"async\" src=\"https:\/\/www.compsa.cat\/wp-content\/uploads\/gestions_dark.svg\" alt=\"ADMINISTRATIVE MANAGEMENT\">\r\n                <\/div>\r\n                <div class=\"compsa_car_content_wrapper\">\r\n                    <div class=\"compsa_card_title\">\r\n                        ADMINISTRATIVE MANAGEMENT                    <\/div>\r\n                    <p class=\"compsa_card_content\">\r\n                        We also act as your trusted management agency, managing and processing any type of administrative issue for which you need advice or support.                    <\/p>\r\n                    <a href=\"serveis#gestions\" class=\"compsa_button_anchor\">\r\n                        <div class=\"compsa_button compsa_card_button\">\r\n                            Read More                        <\/div>\r\n                    <\/a>\r\n                <\/div>\r\n            <\/div>\r\n            <\/div>\r\n<\/div><div class=\"compsa_service_help\">\r\n    <div class=\"compsa_service_help_wrapper\">\r\n        <div class=\"compsa_service_help_title\">\r\n            Can't find the service you're looking for?        <\/div>\r\n        <div class=\"compsa_service_help_content\">\r\n            At COMPSA we offer a wide range of services and cover all the needs you may have, do not hesitate to call us or write to us for more information!        <\/div>\r\n        <a href=\"\/en\/contacte\/\">\r\n            <div class=\"compsa_button compsa_service_help_button\">\r\n                Contact us here!            <\/div>\r\n        <\/a>\r\n    <\/div>\r\n<\/div><div class=\"compsa_landing_objectives\">\r\n    <div class=\"compsa_langing_objectives_title\">How we help you<\/div>\r\n    <div class=\"compsa_langing_objectives_subtitle\">You are our main driver, your successes are also ours!<\/div>\r\n    <div class=\"compsa_landing_objectives_wrapper compsa_content_divider\">\r\n\r\n\r\n                    <div class=\"compsa_landing_objective_bubble\">\r\n                <div class=\"compsa_objective_logo\">\r\n                    <img decoding=\"async\" src=\"https:\/\/www.compsa.cat\/wp-content\/uploads\/speech-bubbles.svg\" alt=\"We listen to you\">\r\n                <\/div>\r\n                <div class=\"compsa_objective_content_wrapper\">\r\n                    <div class=\"compsa_objective_title\">\r\n                        We listen to you                    <\/div>\r\n                    <p class=\"compsa_objective_content\">\r\n                        We carefully study your case to adapt to your needs.                     <\/p>\r\n                <\/div>\r\n            <\/div>\r\n            <!-- <div class=\"compsa_separator objectives_separator\"><\/div>-->\r\n                    <div class=\"compsa_landing_objective_bubble\">\r\n                <div class=\"compsa_objective_logo\">\r\n                    <img decoding=\"async\" src=\"https:\/\/www.compsa.cat\/wp-content\/uploads\/hand-handshake.svg\" alt=\"We accompany you\">\r\n                <\/div>\r\n                <div class=\"compsa_objective_content_wrapper\">\r\n                    <div class=\"compsa_objective_title\">\r\n                        We accompany you                    <\/div>\r\n                    <p class=\"compsa_objective_content\">\r\n                        We go hand in hand in all processes and support you at all times.                    <\/p>\r\n                <\/div>\r\n            <\/div>\r\n            <!-- <div class=\"compsa_separator objectives_separator\"><\/div>-->\r\n                    <div class=\"compsa_landing_objective_bubble\">\r\n                <div class=\"compsa_objective_logo\">\r\n                    <img decoding=\"async\" src=\"https:\/\/www.compsa.cat\/wp-content\/uploads\/rocket.svg\" alt=\"We boost you\">\r\n                <\/div>\r\n                <div class=\"compsa_objective_content_wrapper\">\r\n                    <div class=\"compsa_objective_title\">\r\n                        We boost you                    <\/div>\r\n                    <p class=\"compsa_objective_content\">\r\n                        We help you grow, whether in the personal, work, or business sphere.                    <\/p>\r\n                <\/div>\r\n            <\/div>\r\n            <!-- <div class=\"compsa_separator objectives_separator\"><\/div>-->\r\n            <\/div>\r\n<\/div><div class=\"compsa_landing_choose_us\">\r\n    <div class=\"compsa_landing_choose_us_wrapper\">\r\n        <div class=\"compsa_landing_choose_us_items\">\r\n            <div class=\"compsa_langing_choose_us_title\">Why COMPSA?<\/div>\r\n            <div class=\"compsa_langing_choose_us_subtitle\">We adapt and accompany you with the utmost transparency.<\/div>\r\n            <div class=\"compsa_landing_why_choose_us_wrapper\">\r\n                                    <div class=\"compsa_landing_why_choose_us\">\r\n                        <div class=\"compsa_why_choose_us_content_wrapper\">\r\n                            <div class=\"compsa_why_choose_us_title\">\r\n                                Human team                            <\/div>\r\n                            <p class=\"compsa_why_choose_us_content\">\r\n                                We have a team of professionals with a lot of experience and a great passion for what they do.                            <\/p>\r\n                        <\/div>\r\n                    <\/div>\r\n                                    <div class=\"compsa_landing_why_choose_us\">\r\n                        <div class=\"compsa_why_choose_us_content_wrapper\">\r\n                            <div class=\"compsa_why_choose_us_title\">\r\n                                Adaptation                            <\/div>\r\n                            <p class=\"compsa_why_choose_us_content\">\r\n                                We adapt to your needs and work on each case in a unique and personalized way.                            <\/p>\r\n                        <\/div>\r\n                    <\/div>\r\n                                    <div class=\"compsa_landing_why_choose_us\">\r\n                        <div class=\"compsa_why_choose_us_content_wrapper\">\r\n                            <div class=\"compsa_why_choose_us_title\">\r\n                                Total transparency                            <\/div>\r\n                            <p class=\"compsa_why_choose_us_content\">\r\n                                We have a team of professionals with extensive and consolidated experience.                            <\/p>\r\n                        <\/div>\r\n                    <\/div>\r\n                                    <div class=\"compsa_landing_why_choose_us\">\r\n                        <div class=\"compsa_why_choose_us_content_wrapper\">\r\n                            <div class=\"compsa_why_choose_us_title\">\r\n                                Continuity                            <\/div>\r\n                            <p class=\"compsa_why_choose_us_content\">\r\n                                We do constant follow-up and you can contact us whenever you need it.                            <\/p>\r\n                        <\/div>\r\n                    <\/div>\r\n                            <\/div>\r\n\r\n        <\/div>\r\n    <\/div>\r\n<\/div>\r\n\r\n<div class=\"compsa_landing_latest_news\">\r\n    <div class=\"compsa_langing_latest_news_title\">News<\/div>\r\n    <div class=\"compsa_langing_latest_news_subtitle\">We keep you up to date with the latest news in the sector.<\/div>\r\n    <div class=\"compsa_landing_latest_news_wrapper compsa_content_divider\">\r\n\r\n        \r\n                <div class=\"compsa_landing_latest_news_post\">\r\n                    <div class=\"compsa_latest_news_post_title\"><a href=\"https:\/\/www.compsa.cat\/en\/dret-a-lerror-en-materia-tributaria\/\">\r\n                            Dret a l&#8217;error en mat\u00e8ria tribut\u00e0ria                        <\/a>\r\n                    <\/div>\r\n                    <p class=\"compsa_latest_news_post_date\">\r\n                        February 2024                    <\/p>\r\n                    <a href=\" https:\/\/www.compsa.cat\/en\/dret-a-lerror-en-materia-tributaria\/\">\r\n                        <p class=\"compsa_latest_news_post_content\">\r\n                            Una sent\u00e8ncia de finals de 2023 pot representar un punt d\u2019inflexi\u00f3 en l\u2019\u00e0mbit tributari general, sobretot en la imposici\u00f3 de sancions. Es tracta de la Sent\u00e8ncia del Tribunal Superior de Just\u00edcia de Galicia,&hellip;                        <\/p>\r\n                        <div class=\"compsa_button compsa_latest_news_button awb-icon-plus\"><\/div>\r\n                    <\/a>\r\n                <\/div>\r\n                <div class=\"compsa_separator lates_news_separator\"><\/div>\r\n        \r\n                <div class=\"compsa_landing_latest_news_post\">\r\n                    <div class=\"compsa_latest_news_post_title\"><a href=\"https:\/\/www.compsa.cat\/en\/campanya-de-renda-2022\/\">\r\n                            Campanya de renda 2022                        <\/a>\r\n                    <\/div>\r\n                    <p class=\"compsa_latest_news_post_date\">\r\n                        April 2023                    <\/p>\r\n                    <a href=\" https:\/\/www.compsa.cat\/en\/campanya-de-renda-2022\/\">\r\n                        <p class=\"compsa_latest_news_post_content\">\r\n                            Ahir va comen\u00e7ar la campanya de renda i els mitjans ja diuen que es van presentar al voltant d\u2019un mili\u00f3 de declaracions. Cada any ens trobem que, sovint, aquesta precipitaci\u00f3 s\u2019ha de saldar&hellip;                        <\/p>\r\n                        <div class=\"compsa_button compsa_latest_news_button awb-icon-plus\"><\/div>\r\n                    <\/a>\r\n                <\/div>\r\n                <div class=\"compsa_separator lates_news_separator\"><\/div>\r\n        \r\n                <div class=\"compsa_landing_latest_news_post\">\r\n                    <div class=\"compsa_latest_news_post_title\"><a href=\"https:\/\/www.compsa.cat\/en\/irpf-2023\/\">\r\n                            IRPF 2023                        <\/a>\r\n                    <\/div>\r\n                    <p class=\"compsa_latest_news_post_date\">\r\n                        April 2023                    <\/p>\r\n                    <a href=\" https:\/\/www.compsa.cat\/en\/irpf-2023\/\">\r\n                        <p class=\"compsa_latest_news_post_content\">\r\n                            Ahir va comen\u00e7ar la campanya de renda i els mitjans ja diuen que es van presentar al voltant d\u2019un mili\u00f3 de declaracions. Cada any ens trobem que, sovint, aquesta precipitaci\u00f3 s\u2019ha de saldar&hellip;                        <\/p>\r\n                        <div class=\"compsa_button compsa_latest_news_button awb-icon-plus\"><\/div>\r\n                    <\/a>\r\n                <\/div>\r\n                <div class=\"compsa_separator lates_news_separator\"><\/div>\r\n        \r\n                <div class=\"compsa_landing_latest_news_post\">\r\n                    <div class=\"compsa_latest_news_post_title\"><a href=\"https:\/\/www.compsa.cat\/en\/novetats-en-les-mesures-fiscals-per-a-catalunya-2023\/\">\r\n                            Novetats en les mesures fiscals per a Catalunya 2023                        <\/a>\r\n                    <\/div>\r\n                    <p class=\"compsa_latest_news_post_date\">\r\n                        March 2023                    <\/p>\r\n                    <a href=\" https:\/\/www.compsa.cat\/en\/novetats-en-les-mesures-fiscals-per-a-catalunya-2023\/\">\r\n                        <p class=\"compsa_latest_news_post_content\">\r\n                            A partir del dia 2 d'abril i fins a l'1 de juliol es poden presentar les declaracions de renda i patrimoni corresponents a l'exercici 2018. Aquest per\u00edode de declaraci\u00f3 no ve marcat per&hellip;                        <\/p>\r\n                        <div class=\"compsa_button compsa_latest_news_button awb-icon-plus\"><\/div>\r\n                    <\/a>\r\n                <\/div>\r\n                <div class=\"compsa_separator lates_news_separator\"><\/div>\r\n            <\/div>\r\n<\/div>","protected":false},"excerpt":{"rendered":"","protected":false},"author":1,"featured_media":0,"parent":0,"menu_order":0,"comment_status":"closed","ping_status":"closed","template":"","meta":{"footnotes":""},"class_list":["post-369","page","type-page","status-publish","hentry"],"_links":{"self":[{"href":"https:\/\/www.compsa.cat\/en\/wp-json\/wp\/v2\/pages\/369","targetHints":{"allow":["GET"]}}],"collection":[{"href":"https:\/\/www.compsa.cat\/en\/wp-json\/wp\/v2\/pages"}],"about":[{"href":"https:\/\/www.compsa.cat\/en\/wp-json\/wp\/v2\/types\/page"}],"author":[{"embeddable":true,"href":"https:\/\/www.compsa.cat\/en\/wp-json\/wp\/v2\/users\/1"}],"replies":[{"embeddable":true,"href":"https:\/\/www.compsa.cat\/en\/wp-json\/wp\/v2\/comments?post=369"}],"version-history":[{"count":3,"href":"https:\/\/www.compsa.cat\/en\/wp-json\/wp\/v2\/pages\/369\/revisions"}],"predecessor-version":[{"id":404,"href":"https:\/\/www.compsa.cat\/en\/wp-json\/wp\/v2\/pages\/369\/revisions\/404"}],"wp:attachment":[{"href":"https:\/\/www.compsa.cat\/en\/wp-json\/wp\/v2\/media?parent=369"}],"curies":[{"name":"wp","href":"https:\/\/api.w.org\/{rel}","templated":true}]}}