{"id":370,"date":"2023-08-31T17:55:57","date_gmt":"2023-08-31T15:55:57","guid":{"rendered":"https:\/\/www.compsa.cat\/?page_id=370"},"modified":"2023-10-10T17:03:28","modified_gmt":"2023-10-10T15:03:28","slug":"inicio","status":"publish","type":"page","link":"https:\/\/www.compsa.cat\/es\/","title":{"rendered":"Inicio"},"content":{"rendered":"<div class=\"compsa_landing_heading\">\r\n    <div class=\"compsa_landing_heading_wrapper\">\r\n        <div class=\"compsa_landing_heading_title\">\r\n            \u00a1Te ayudamos a gestionar tus finanzas, impuestos y mucho m\u00e1s!        <\/div>\r\n        <div class=\"compsa_landing_heading_content\">\r\n            Tu asesor\u00eda integral de confianza en Lleida y Balaguer que te acompa\u00f1a en todo momento.        <\/div>\r\n        <a href=\"\/es\/contacte\/\">\r\n            <div class=\"compsa_button compsa_landing_heading_button\">\r\n                Cont\u00e1ctanos            <\/div>\r\n        <\/a>\r\n    <\/div>\r\n<\/div><div class=\"compsa_landing_logos\">\r\n    <div class=\"compsa_landing_logos_wrapper compsa_content_divider\">\r\n        \r\n            <div class=\"compsa_landing_icon\">\r\n                <img decoding=\"async\" src=\"https:\/\/www.compsa.cat\/wp-content\/uploads\/shirt.svg\" alt=\"Aut\u00f3nomos\" \/>\r\n                <span class=\"compsa_landing_logo_title\">\r\n                    Aut\u00f3nomos                <\/span>\r\n            <\/div>\r\n            <div class=\"compsa_separator\"><\/div>\r\n        \r\n            <div class=\"compsa_landing_icon\">\r\n                <img decoding=\"async\" src=\"https:\/\/www.compsa.cat\/wp-content\/uploads\/building-apartment.svg\" alt=\"Empresas\" \/>\r\n                <span class=\"compsa_landing_logo_title\">\r\n                    Empresas                <\/span>\r\n            <\/div>\r\n            <div class=\"compsa_separator\"><\/div>\r\n        \r\n            <div class=\"compsa_landing_icon\">\r\n                <img decoding=\"async\" src=\"https:\/\/www.compsa.cat\/wp-content\/uploads\/building-house.svg\" alt=\"Particulares\" \/>\r\n                <span class=\"compsa_landing_logo_title\">\r\n                    Particulares                <\/span>\r\n            <\/div>\r\n            <div class=\"compsa_separator\"><\/div>\r\n            <\/div>\r\n<\/div><div class=\"compsa_landing_services\">\r\n    <div class=\"compsa_langing_services_title\">Servicios<\/div>\r\n    <div class=\"compsa_langing_services_subtitle\">Te ofrecemos una gama de servicios integrales para cubrir todas tus necesidades.<\/div>\r\n    <div class=\"compsa_landing_services_wrapper\">\r\n\r\n\r\n                    <div class=\"compsa_landing_service_card\">\r\n                <div class=\"compsa_card_logo\">\r\n                    <img decoding=\"async\" src=\"https:\/\/www.compsa.cat\/wp-content\/uploads\/fiscalComptable_dark.svg\" alt=\"ASESOR\u00cdA FISCAL Y CONTABLE\">\r\n                <\/div>\r\n                <div class=\"compsa_car_content_wrapper\">\r\n                    <div class=\"compsa_card_title\">\r\n                        ASESOR\u00cdA FISCAL Y CONTABLE                    <\/div>\r\n                    <p class=\"compsa_card_content\">\r\n                        Seguimiento y asesoramiento continuado de la gesti\u00f3n fiscal y contable. Confecci\u00f3n de los libros oficiales -libro diario, libro de balances, libro de IVA, libro Mayor...                    <\/p>\r\n                    <a href=\"serveis#fiscalComptable\" class=\"compsa_button_anchor\">\r\n                        <div class=\"compsa_button compsa_card_button\">\r\n                            Leer M\u00e1s                        <\/div>\r\n                    <\/a>\r\n                <\/div>\r\n            <\/div>\r\n                    <div class=\"compsa_landing_service_card\">\r\n                <div class=\"compsa_card_logo\">\r\n                    <img decoding=\"async\" src=\"https:\/\/www.compsa.cat\/wp-content\/uploads\/laboral_dark.svg\" alt=\"ASESOR\u00cdA LABORAL\">\r\n                <\/div>\r\n                <div class=\"compsa_car_content_wrapper\">\r\n                    <div class=\"compsa_card_title\">\r\n                        ASESOR\u00cdA LABORAL                    <\/div>\r\n                    <p class=\"compsa_card_content\">\r\n                        Te asesoramos en todos los aspectos relacionados con la gesti\u00f3n de tr\u00e1mites laborales ya seas empresario, aut\u00f3nomo o asalariado y gestionamos los tr\u00e1mites que necesites.                    <\/p>\r\n                    <a href=\"serveis#laboral\" class=\"compsa_button_anchor\">\r\n                        <div class=\"compsa_button compsa_card_button\">\r\n                            Leer M\u00e1s                        <\/div>\r\n                    <\/a>\r\n                <\/div>\r\n            <\/div>\r\n                    <div class=\"compsa_landing_service_card\">\r\n                <div class=\"compsa_card_logo\">\r\n                    <img decoding=\"async\" src=\"https:\/\/www.compsa.cat\/wp-content\/uploads\/juridica_dark.svg\" alt=\"ASESOR\u00cdA JUR\u00cdDICA\">\r\n                <\/div>\r\n                <div class=\"compsa_car_content_wrapper\">\r\n                    <div class=\"compsa_card_title\">\r\n                        ASESOR\u00cdA JUR\u00cdDICA                    <\/div>\r\n                    <p class=\"compsa_card_content\">\r\n                        Ofrecemos un amplio servicio jur\u00eddico especializado en los diferentes \u00e1mbitos del sector y donde te acompa\u00f1amos en todo el proceso y te ayudamos a tomar las mejores decisiones.                    <\/p>\r\n                    <a href=\"serveis#juridica\" class=\"compsa_button_anchor\">\r\n                        <div class=\"compsa_button compsa_card_button\">\r\n                            Leer M\u00e1s                        <\/div>\r\n                    <\/a>\r\n                <\/div>\r\n            <\/div>\r\n                    <div class=\"compsa_landing_service_card\">\r\n                <div class=\"compsa_card_logo\">\r\n                    <img decoding=\"async\" src=\"https:\/\/www.compsa.cat\/wp-content\/uploads\/gestions_dark.svg\" alt=\"GESTIONES ADMINISTRATIVAS\">\r\n                <\/div>\r\n                <div class=\"compsa_car_content_wrapper\">\r\n                    <div class=\"compsa_card_title\">\r\n                        GESTIONES ADMINISTRATIVAS                    <\/div>\r\n                    <p class=\"compsa_card_content\">\r\n                        Tambi\u00e9n actuamos como tu gestor\u00eda de confianza gestionando y tramitando cualquier tipo de cuesti\u00f3n administrativa para la cual necesites asesoramiento o soporte.                    <\/p>\r\n                    <a href=\"serveis#gestions\" class=\"compsa_button_anchor\">\r\n                        <div class=\"compsa_button compsa_card_button\">\r\n                            Leer M\u00e1s                        <\/div>\r\n                    <\/a>\r\n                <\/div>\r\n            <\/div>\r\n            <\/div>\r\n<\/div><div class=\"compsa_service_help\">\r\n    <div class=\"compsa_service_help_wrapper\">\r\n        <div class=\"compsa_service_help_title\">\r\n            \u00bfNo encuentras el servicio que est\u00e1s buscando?        <\/div>\r\n        <div class=\"compsa_service_help_content\">\r\n            En COMPSA ofrecemos una amplia gama de servicios y cubrimos todas las necesidades que puedas tener, \u00a1no dudes en llamarnos o escribirnos para pedir m\u00e1s informaci\u00f3n!        <\/div>\r\n        <a href=\"\/es\/contacte\/\">\r\n            <div class=\"compsa_button compsa_service_help_button\">\r\n                \u00a1Cont\u00e1ctanos aqu\u00ed!            <\/div>\r\n        <\/a>\r\n    <\/div>\r\n<\/div><div class=\"compsa_landing_objectives\">\r\n    <div class=\"compsa_langing_objectives_title\">C\u00f3mo te ayudamos<\/div>\r\n    <div class=\"compsa_langing_objectives_subtitle\">T\u00fa eres nuestro principal motor, \u00a1tus \u00e9xitos tambi\u00e9n son los nuestros!<\/div>\r\n    <div class=\"compsa_landing_objectives_wrapper compsa_content_divider\">\r\n\r\n\r\n                    <div class=\"compsa_landing_objective_bubble\">\r\n                <div class=\"compsa_objective_logo\">\r\n                    <img decoding=\"async\" src=\"https:\/\/www.compsa.cat\/wp-content\/uploads\/speech-bubbles.svg\" alt=\"Te escuchamos\">\r\n                <\/div>\r\n                <div class=\"compsa_objective_content_wrapper\">\r\n                    <div class=\"compsa_objective_title\">\r\n                        Te escuchamos                    <\/div>\r\n                    <p class=\"compsa_objective_content\">\r\n                        Estudiamos detenidamente tu caso para adaptarnos a tus necesidades.                     <\/p>\r\n                <\/div>\r\n            <\/div>\r\n            <!-- <div class=\"compsa_separator objectives_separator\"><\/div>-->\r\n                    <div class=\"compsa_landing_objective_bubble\">\r\n                <div class=\"compsa_objective_logo\">\r\n                    <img decoding=\"async\" src=\"https:\/\/www.compsa.cat\/wp-content\/uploads\/hand-handshake.svg\" alt=\"Te acompa\u00f1amos\">\r\n                <\/div>\r\n                <div class=\"compsa_objective_content_wrapper\">\r\n                    <div class=\"compsa_objective_title\">\r\n                        Te acompa\u00f1amos                    <\/div>\r\n                    <p class=\"compsa_objective_content\">\r\n                        Vamos de la mano en todos los procesos y te apoyamos en todo momento.                    <\/p>\r\n                <\/div>\r\n            <\/div>\r\n            <!-- <div class=\"compsa_separator objectives_separator\"><\/div>-->\r\n                    <div class=\"compsa_landing_objective_bubble\">\r\n                <div class=\"compsa_objective_logo\">\r\n                    <img decoding=\"async\" src=\"https:\/\/www.compsa.cat\/wp-content\/uploads\/rocket.svg\" alt=\"Te impulsamos\">\r\n                <\/div>\r\n                <div class=\"compsa_objective_content_wrapper\">\r\n                    <div class=\"compsa_objective_title\">\r\n                        Te impulsamos                    <\/div>\r\n                    <p class=\"compsa_objective_content\">\r\n                        Te ayudamos a crecer, ya sea en el \u00e1mbito personal, laboral o empresarial.                    <\/p>\r\n                <\/div>\r\n            <\/div>\r\n            <!-- <div class=\"compsa_separator objectives_separator\"><\/div>-->\r\n            <\/div>\r\n<\/div><div class=\"compsa_landing_choose_us\">\r\n    <div class=\"compsa_landing_choose_us_wrapper\">\r\n        <div class=\"compsa_landing_choose_us_items\">\r\n            <div class=\"compsa_langing_choose_us_title\">\u00bfPor qu\u00e9 COMPSA?<\/div>\r\n            <div class=\"compsa_langing_choose_us_subtitle\">Nos adaptamos y te acompa\u00f1amos con la mayor transparencia.<\/div>\r\n            <div class=\"compsa_landing_why_choose_us_wrapper\">\r\n                                    <div class=\"compsa_landing_why_choose_us\">\r\n                        <div class=\"compsa_why_choose_us_content_wrapper\">\r\n                            <div class=\"compsa_why_choose_us_title\">\r\n                                Equipo humano                            <\/div>\r\n                            <p class=\"compsa_why_choose_us_content\">\r\n                                Contamos con un equipo de profesionales con mucha experiencia y una gran pasi\u00f3n por lo que hacen.                            <\/p>\r\n                        <\/div>\r\n                    <\/div>\r\n                                    <div class=\"compsa_landing_why_choose_us\">\r\n                        <div class=\"compsa_why_choose_us_content_wrapper\">\r\n                            <div class=\"compsa_why_choose_us_title\">\r\n                                Adaptaci\u00f3n                            <\/div>\r\n                            <p class=\"compsa_why_choose_us_content\">\r\n                                Nos adaptamos a tus necesidades y trabajamos cada caso de forma \u00fanica y personalizada.                            <\/p>\r\n                        <\/div>\r\n                    <\/div>\r\n                                    <div class=\"compsa_landing_why_choose_us\">\r\n                        <div class=\"compsa_why_choose_us_content_wrapper\">\r\n                            <div class=\"compsa_why_choose_us_title\">\r\n                                Transparencia total                            <\/div>\r\n                            <p class=\"compsa_why_choose_us_content\">\r\n                                Contamos con un equipo de profesionales con una experiencia extensa y consolidada.                            <\/p>\r\n                        <\/div>\r\n                    <\/div>\r\n                                    <div class=\"compsa_landing_why_choose_us\">\r\n                        <div class=\"compsa_why_choose_us_content_wrapper\">\r\n                            <div class=\"compsa_why_choose_us_title\">\r\n                                Continuidad                            <\/div>\r\n                            <p class=\"compsa_why_choose_us_content\">\r\n                                Hacemos un seguimiento constante y puedes contactar con nosotros siempre que lo necesites.                            <\/p>\r\n                        <\/div>\r\n                    <\/div>\r\n                            <\/div>\r\n\r\n        <\/div>\r\n    <\/div>\r\n<\/div>\r\n\r\n<div class=\"compsa_landing_latest_news\">\r\n    <div class=\"compsa_langing_latest_news_title\">Noticias<\/div>\r\n    <div class=\"compsa_langing_latest_news_subtitle\">Te mantenemos al d\u00eda de las \u00faltimas novedades en el sector.<\/div>\r\n    <div class=\"compsa_landing_latest_news_wrapper compsa_content_divider\">\r\n\r\n        \r\n                <div class=\"compsa_landing_latest_news_post\">\r\n                    <div class=\"compsa_latest_news_post_title\"><a href=\"https:\/\/www.compsa.cat\/es\/especialidades-de-los-no-residentes-que-teletrabajanspecialidades-de-los-no-residentes-que-teletrabajan\/\">\r\n                            ESPECIALIDADES DE LOS NO RESIDENTES QUE TELETRABAJANspecialidades de los no residentes que teletrabajan                        <\/a>\r\n                    <\/div>\r\n                    <p class=\"compsa_latest_news_post_date\">\r\n                        febrero 2026                    <\/p>\r\n                    <a href=\" https:\/\/www.compsa.cat\/es\/especialidades-de-los-no-residentes-que-teletrabajanspecialidades-de-los-no-residentes-que-teletrabajan\/\">\r\n                        <p class=\"compsa_latest_news_post_content\">\r\n                            Cada vez es m\u00e1s habitual encontrar elementos de extranjer\u00eda en las relaciones laborales y en la fiscalidad que se deriva. Nos encontramos tanto con trabajadores residentes que son desplazados al extranjero \u2014situaci\u00f3n que,&hellip;                        <\/p>\r\n                        <div class=\"compsa_button compsa_latest_news_button awb-icon-plus\"><\/div>\r\n                    <\/a>\r\n                <\/div>\r\n                <div class=\"compsa_separator lates_news_separator\"><\/div>\r\n        \r\n                <div class=\"compsa_landing_latest_news_post\">\r\n                    <div class=\"compsa_latest_news_post_title\"><a href=\"https:\/\/www.compsa.cat\/es\/la-moda-de-las-holding-las-patrimoniales-y-las-sociedades-off-shore\/\">\r\n                            LA MODA DE LAS HOLDING, LAS PATRIMONIALES Y LAS SOCIEDADES OFF SHORE                        <\/a>\r\n                    <\/div>\r\n                    <p class=\"compsa_latest_news_post_date\">\r\n                        diciembre 2025                    <\/p>\r\n                    <a href=\" https:\/\/www.compsa.cat\/es\/la-moda-de-las-holding-las-patrimoniales-y-las-sociedades-off-shore\/\">\r\n                        <p class=\"compsa_latest_news_post_content\">\r\n                            \u00daltimamente estamos bombardeados por agitadores de las redes sociales, y parece tambi\u00e9n como una cuesti\u00f3n de prestigio, y tambi\u00e9n que quienes pagamos impuestos somos burros. A ver..., estas estructuras pueden ser tremendamente \u00fatiles&hellip;                        <\/p>\r\n                        <div class=\"compsa_button compsa_latest_news_button awb-icon-plus\"><\/div>\r\n                    <\/a>\r\n                <\/div>\r\n                <div class=\"compsa_separator lates_news_separator\"><\/div>\r\n        \r\n                <div class=\"compsa_landing_latest_news_post\">\r\n                    <div class=\"compsa_latest_news_post_title\"><a href=\"https:\/\/www.compsa.cat\/es\/aspectos-tributarios-del-nuevo-estatuto-de-municipios-rurales\/\">\r\n                            ASPECTOS TRIBUTARIOS DEL NUEVO ESTATUTO DE MUNICIPIOS RURALES                        <\/a>\r\n                    <\/div>\r\n                    <p class=\"compsa_latest_news_post_date\">\r\n                        noviembre 2025                    <\/p>\r\n                    <a href=\" https:\/\/www.compsa.cat\/es\/aspectos-tributarios-del-nuevo-estatuto-de-municipios-rurales\/\">\r\n                        <p class=\"compsa_latest_news_post_content\">\r\n                            La Ley 8\/2025, de 30 de Junio, del Estatuto de municipios rurales, de la Generalitat de Catalunya pretende estimular y relanzar a los peque\u00f1os municipios ubicados en las comarcas despobladas. Es una ambiciosa&hellip;                        <\/p>\r\n                        <div class=\"compsa_button compsa_latest_news_button awb-icon-plus\"><\/div>\r\n                    <\/a>\r\n                <\/div>\r\n                <div class=\"compsa_separator lates_news_separator\"><\/div>\r\n        \r\n                <div class=\"compsa_landing_latest_news_post\">\r\n                    <div class=\"compsa_latest_news_post_title\"><a href=\"https:\/\/www.compsa.cat\/es\/alquileres-con-opcion-de-compra\/\">\r\n                            ALQUILERES CON OPCI\u00d3N DE COMPRA                        <\/a>\r\n                    <\/div>\r\n                    <p class=\"compsa_latest_news_post_date\">\r\n                        noviembre 2025                    <\/p>\r\n                    <a href=\" https:\/\/www.compsa.cat\/es\/alquileres-con-opcion-de-compra\/\">\r\n                        <p class=\"compsa_latest_news_post_content\">\r\n                            Este tipo de contrato parece que vuelve a tener mucha presencia en el sector inmobiliario. Tanto en el \u00e1mbito de una vivienda para residir, como en operaciones de alquiler de locales o naves&hellip;                        <\/p>\r\n                        <div class=\"compsa_button compsa_latest_news_button awb-icon-plus\"><\/div>\r\n                    <\/a>\r\n                <\/div>\r\n                <div class=\"compsa_separator lates_news_separator\"><\/div>\r\n            <\/div>\r\n<\/div>","protected":false},"excerpt":{"rendered":"","protected":false},"author":1,"featured_media":0,"parent":0,"menu_order":0,"comment_status":"closed","ping_status":"closed","template":"","meta":{"footnotes":""},"class_list":["post-370","page","type-page","status-publish","hentry"],"_links":{"self":[{"href":"https:\/\/www.compsa.cat\/es\/wp-json\/wp\/v2\/pages\/370","targetHints":{"allow":["GET"]}}],"collection":[{"href":"https:\/\/www.compsa.cat\/es\/wp-json\/wp\/v2\/pages"}],"about":[{"href":"https:\/\/www.compsa.cat\/es\/wp-json\/wp\/v2\/types\/page"}],"author":[{"embeddable":true,"href":"https:\/\/www.compsa.cat\/es\/wp-json\/wp\/v2\/users\/1"}],"replies":[{"embeddable":true,"href":"https:\/\/www.compsa.cat\/es\/wp-json\/wp\/v2\/comments?post=370"}],"version-history":[{"count":2,"href":"https:\/\/www.compsa.cat\/es\/wp-json\/wp\/v2\/pages\/370\/revisions"}],"predecessor-version":[{"id":407,"href":"https:\/\/www.compsa.cat\/es\/wp-json\/wp\/v2\/pages\/370\/revisions\/407"}],"wp:attachment":[{"href":"https:\/\/www.compsa.cat\/es\/wp-json\/wp\/v2\/media?parent=370"}],"curies":[{"name":"wp","href":"https:\/\/api.w.org\/{rel}","templated":true}]}}