{"id":382,"date":"2023-08-31T17:56:03","date_gmt":"2023-08-31T15:56:03","guid":{"rendered":"https:\/\/www.compsa.cat\/nosotros\/"},"modified":"2023-10-09T16:43:27","modified_gmt":"2023-10-09T14:43:27","slug":"nosotros","status":"publish","type":"page","link":"https:\/\/www.compsa.cat\/es\/nosotros\/","title":{"rendered":"Nosotros"},"content":{"rendered":"<div class=\"compsa_about_us\">\r\n    <div class=\"compsa_about_us_wrapper\">\r\n        <div class=\"compsa_about_us_title\">Nosotros<\/div>\r\n        <div class=\"compsa_about_us_subtitle\">Trabajamos contigo para que siempre salgas ganando.<\/div>\r\n        <div class=\"compsa_about_us_items\">\r\n\r\n            <div class=\"compsa_about_us_item_wrapper\">\r\n                                                            <div class=\"compsa_about_us_item\" id=\"compsa_history\">\r\n                            <div class=\"compsa_about_us_item_content\">\r\n                                <p class=\"compsa_about_us_item_text\">\r\n                                    <b>COMPSA naci\u00f3 como consultor\u00eda en 1985.<\/b> Desde entonces, hemos crecido en experiencia y podemos ofrecerte un asesoramiento global. Hoy contamos con <b>sedes presenciales en Lleida y Balaguer.<\/b> En COMPSA encontrar\u00e1s profesionales de diferentes \u00e1mbitos que trabajan de forma integral para ti: fiscalistas, abogados, laboralistas, gestores y mucho m\u00e1s.                                <\/p>\r\n                            <\/div>\r\n                        <\/div>\r\n                                                            <div class=\"compsa_about_us_item\" id=\"compsa_history\">\r\n                            <div class=\"compsa_about_us_item_content\">\r\n                                <p class=\"compsa_about_us_item_text\">\r\n                                    Trabajamos para una amplia variedad de perfiles: desde la <b>gran empresa hasta el peque\u00f1o aut\u00f3nomo, agricultores, empresas agr\u00edcola-ganaderas y particulares.<\/b> A lo largo de los a\u00f1os, COMPSA ha ampliado el abanico de actividades con la incorporaci\u00f3n de profesionales de la econom\u00eda, del derecho, de la gesti\u00f3n y direcci\u00f3n de empresas.                                <\/p>\r\n                            <\/div>\r\n                        <\/div>\r\n                                                                                        <\/div>\r\n                                                                                <div class=\"compsa_about_us_action_call\" id=\"compsa_actioncall\">\r\n                                                    <div class=\"compsa_about_us_action_call_title\">\r\n                                Trabajamos contigo para que salgas ganando.                            <\/div>\r\n                        \r\n                        \r\n                        \r\n                    <\/div>\r\n                                                <div class=\"compsa_about_us_action_call\" id=\"compsa_actioncall\">\r\n                        \r\n                                                    <div class=\"compsa_about_us_action_call_img_wrapper\">\r\n                                                                    <img decoding=\"async\" class=\"compsa_about_us_action_call_image\" src=\"https:\/\/www.compsa.cat\/wp-content\/uploads\/compsa_experience-scaled.jpg \">\r\n                                                                    <img decoding=\"async\" class=\"compsa_about_us_action_call_image\" src=\"https:\/\/www.compsa.cat\/wp-content\/uploads\/compsa_service-scaled.jpg \">\r\n                                                            <\/div>\r\n                        \r\n                        \r\n                    <\/div>\r\n                                                <div class=\"compsa_about_us_action_call\" id=\"compsa_actioncall\">\r\n                        \r\n                        \r\n                                                    <div class=\"compsa_about_us_action_call_subtitle\">\r\n                                Ven y expl\u00edcanos qu\u00e9 necesitas.<\/br>Nos comprometeremos con tu proyecto.                            <\/div>\r\n                        \r\n                    <\/div>\r\n                    <\/div>\r\n    <\/div>\r\n<\/div>\r\n<\/div>\r\n\r\n<div class=\"compsa_work_with_us\">\r\n    <div class=\"compsa_work_with_us_wrapper\">\r\n        <div class=\"compsa_work_with_us_title\">\u00a1Trabaja con nosotros!<\/div>\r\n        <div class=\"compsa_work_with_us_subtitle\">Si est\u00e1s interesado en unirte al equipo, llena el siguiente formulario.<\/div>\r\n        <div class=\"compsa_work_with_us_form\">\r\n            \n<div class=\"wpcf7 no-js\" id=\"wpcf7-f309-o1\" lang=\"es-ES\" dir=\"ltr\">\n<div class=\"screen-reader-response\"><p role=\"status\" aria-live=\"polite\" aria-atomic=\"true\"><\/p> <ul><\/ul><\/div>\n<form action=\"\/es\/wp-json\/wp\/v2\/pages\/382#wpcf7-f309-o1\" method=\"post\" class=\"wpcf7-form init\" aria-label=\"Formulario de contacto\" enctype=\"multipart\/form-data\" novalidate=\"novalidate\" data-status=\"init\">\n<div style=\"display: none;\">\n<input type=\"hidden\" name=\"_wpcf7\" value=\"309\" \/>\n<input type=\"hidden\" name=\"_wpcf7_version\" value=\"5.9.3\" \/>\n<input type=\"hidden\" name=\"_wpcf7_locale\" value=\"es_ES\" \/>\n<input type=\"hidden\" name=\"_wpcf7_unit_tag\" value=\"wpcf7-f309-o1\" \/>\n<input type=\"hidden\" name=\"_wpcf7_container_post\" value=\"0\" \/>\n<input type=\"hidden\" name=\"_wpcf7_posted_data_hash\" value=\"\" \/>\n<input type=\"hidden\" name=\"_wpcf7_recaptcha_response\" value=\"\" \/>\n<\/div>\n<div class=\"compsa_form_work_with_us_row\">\n\t<div class=\"compsa_form_work_with_us_column\">\n\t\t<p><label>Nombre*<\/label><span class=\"wpcf7-form-control-wrap\" data-name=\"nom\"><input size=\"40\" class=\"wpcf7-form-control wpcf7-text wpcf7-validates-as-required compsa_form_work_with_us_input\" aria-required=\"true\" aria-invalid=\"false\" value=\"\" type=\"text\" name=\"nom\" \/><\/span>\n\t\t<\/p>\n\t<\/div>\n\t<div class=\"compsa_form_work_with_us_column\">\n\t\t<p><label>Apellidos*<\/label><span class=\"wpcf7-form-control-wrap\" data-name=\"cognoms\"><input size=\"40\" class=\"wpcf7-form-control wpcf7-text wpcf7-validates-as-required compsa_form_work_with_us_input\" aria-required=\"true\" aria-invalid=\"false\" value=\"\" type=\"text\" name=\"cognoms\" \/><\/span>\n\t\t<\/p>\n\t<\/div>\n<\/div>\n<div class=\"compsa_form_work_with_us_row\">\n\t<div class=\"compsa_form_work_with_us_column\">\n\t\t<p><label>Tel\u00e9fono*<\/label><span class=\"wpcf7-form-control-wrap\" data-name=\"telefon\"><input size=\"40\" class=\"wpcf7-form-control wpcf7-tel wpcf7-validates-as-required wpcf7-text wpcf7-validates-as-tel compsa_form_work_with_us_input\" aria-required=\"true\" aria-invalid=\"false\" value=\"\" type=\"tel\" name=\"telefon\" \/><\/span>\n\t\t<\/p>\n\t<\/div>\n\t<div class=\"compsa_form_work_with_us_column\">\n\t\t<p><label>Correo Electr\u00f3nico*<\/label><span class=\"wpcf7-form-control-wrap\" data-name=\"correu-electronic\"><input size=\"40\" class=\"wpcf7-form-control wpcf7-email wpcf7-validates-as-required wpcf7-text wpcf7-validates-as-email compsa_form_work_with_us_input\" aria-required=\"true\" aria-invalid=\"false\" value=\"\" type=\"email\" name=\"correu-electronic\" \/><\/span>\n\t\t<\/p>\n\t<\/div>\n<\/div>\n<div class=\"compsa_form_work_with_us_full_row\">\n\t<p><label>Direcci\u00f3n<\/label><span class=\"wpcf7-form-control-wrap\" data-name=\"adreca\"><input size=\"40\" class=\"wpcf7-form-control wpcf7-text compsa_form_work_with_us_input\" aria-invalid=\"false\" value=\"\" type=\"text\" name=\"adreca\" \/><\/span>\n\t<\/p>\n<\/div>\n<div class=\"compsa_form_work_with_us_row\">\n\t<div class=\"compsa_form_work_with_us_column\">\n\t\t<p><label>Poblaci\u00f3n<\/label><span class=\"wpcf7-form-control-wrap\" data-name=\"poblacio\"><input size=\"40\" class=\"wpcf7-form-control wpcf7-text compsa_form_work_with_us_input\" aria-invalid=\"false\" value=\"\" type=\"text\" name=\"poblacio\" \/><\/span>\n\t\t<\/p>\n\t<\/div>\n\t<div class=\"compsa_form_work_with_us_column\">\n\t\t<p><label>Provincia<\/label><span class=\"wpcf7-form-control-wrap\" data-name=\"provincia\"><input size=\"40\" class=\"wpcf7-form-control wpcf7-text compsa_form_work_with_us_input\" aria-invalid=\"false\" value=\"\" type=\"text\" name=\"provincia\" \/><\/span>\n\t\t<\/p>\n\t<\/div>\n<\/div>\n<div class=\"compsa_form_work_with_us_row\">\n\t<div class=\"compsa_form_work_with_us_custom_file_upload\">\n\t\t<p><label for=\"cv-file\">Adjunta tu CV Aqu\u00ed <i class=\"fas fa-solid fa-upload\"><\/i><\/label><br \/>\n<span class=\"wpcf7-form-control-wrap\" data-name=\"cv\"><input size=\"40\" class=\"wpcf7-form-control wpcf7-file compsa_form_work_with_us_file\" id=\"cv-file\" accept=\"audio\/*,video\/*,image\/*\" aria-invalid=\"false\" type=\"file\" name=\"cv\" \/><\/span>\n\t\t<\/p>\n\t<\/div>\n<\/div>\n<div class=\"compsa_form_work_with_us_full_row\">\n\t<p><span class=\"wpcf7-form-control-wrap\" data-name=\"acceptance-legal\"><span class=\"wpcf7-form-control wpcf7-acceptance\"><span class=\"wpcf7-list-item\"><input type=\"checkbox\" name=\"acceptance-legal\" value=\"1\" class=\"compsa_form_work_with_us_checkbox\" id=\"acceptance-legal\" aria-invalid=\"false\" \/><\/span><\/span><\/span><br \/>\n<label for=\"acceptance-legal\">Acepto <a class=\"compsa_form_contact_us_link\" href=\"URL_OF_AVIS_LEGAL\">el aviso legal<\/a> y la <a class=\"compsa_form_contact_us_link\" href=\"URL_OF_POLITICA_PRIVACITAT\">pol\u00edtica de privacidad<\/a><\/label>\n\t<\/p>\n<\/div>\n<div class=\"compsa_form_work_with_us_full_row\">\n\t<p><span class=\"wpcf7-form-control-wrap\" data-name=\"acceptance-comunicacions\"><span class=\"wpcf7-form-control wpcf7-acceptance\"><span class=\"wpcf7-list-item\"><input type=\"checkbox\" name=\"acceptance-comunicacions\" value=\"1\" class=\"compsa_form_work_with_us_checkbox\" id=\"acceptance-comunicacions\" aria-invalid=\"false\" \/><\/span><\/span><\/span><br \/>\n<label for=\"acceptance-comunicacions\">Acepto recibir comunicaciones comerciales de COMPSA CONSULTORIA EMPRESARIAL INTEGRAL S.A<\/label>\n\t<\/p>\n<\/div>\n<div class=\"compsa_form_work_with_us_row\">\n\t<p><input class=\"wpcf7-form-control wpcf7-submit has-spinner compsa_button compsa_form_work_with_us_button\" type=\"submit\" value=\"Enviar!\" \/>\n\t<\/p>\n<\/div><div class=\"fusion-alert alert custom alert-custom fusion-alert-center wpcf7-response-output awb-alert-native-link-color alert-dismissable awb-alert-close-boxed\" style=\"--awb-border-size:1px;--awb-border-top-left-radius:0px;--awb-border-top-right-radius:0px;--awb-border-bottom-left-radius:0px;--awb-border-bottom-right-radius:0px;\" role=\"alert\"><div class=\"fusion-alert-content-wrapper\"><span class=\"fusion-alert-content\"><\/span><\/div><button type=\"button\" class=\"close toggle-alert\" data-dismiss=\"alert\" aria-label=\"Close\">&times;<\/button><\/div>\n<\/form>\n<\/div>\n        <\/div>\r\n    <\/div>\r\n<\/div>","protected":false},"excerpt":{"rendered":"","protected":false},"author":1,"featured_media":0,"parent":0,"menu_order":0,"comment_status":"closed","ping_status":"closed","template":"","meta":{"footnotes":""},"class_list":["post-382","page","type-page","status-publish","hentry"],"_links":{"self":[{"href":"https:\/\/www.compsa.cat\/es\/wp-json\/wp\/v2\/pages\/382","targetHints":{"allow":["GET"]}}],"collection":[{"href":"https:\/\/www.compsa.cat\/es\/wp-json\/wp\/v2\/pages"}],"about":[{"href":"https:\/\/www.compsa.cat\/es\/wp-json\/wp\/v2\/types\/page"}],"author":[{"embeddable":true,"href":"https:\/\/www.compsa.cat\/es\/wp-json\/wp\/v2\/users\/1"}],"replies":[{"embeddable":true,"href":"https:\/\/www.compsa.cat\/es\/wp-json\/wp\/v2\/comments?post=382"}],"version-history":[{"count":1,"href":"https:\/\/www.compsa.cat\/es\/wp-json\/wp\/v2\/pages\/382\/revisions"}],"predecessor-version":[{"id":397,"href":"https:\/\/www.compsa.cat\/es\/wp-json\/wp\/v2\/pages\/382\/revisions\/397"}],"wp:attachment":[{"href":"https:\/\/www.compsa.cat\/es\/wp-json\/wp\/v2\/media?parent=382"}],"curies":[{"name":"wp","href":"https:\/\/api.w.org\/{rel}","templated":true}]}}