{"id":387,"date":"2023-08-31T17:56:10","date_gmt":"2023-08-31T15:56:10","guid":{"rendered":"https:\/\/www.compsa.cat\/?page_id=387"},"modified":"2023-10-10T17:02:59","modified_gmt":"2023-10-10T15:02:59","slug":"servicios","status":"publish","type":"page","link":"https:\/\/www.compsa.cat\/es\/servicios\/","title":{"rendered":"Servicios"},"content":{"rendered":"\n\n\n\n\n\n\n\n\n\n\n\n\n\n\n\n\n\n\n\n\n\n\n\n\n\n\n\n\n\n\n\n<div class=\"tabs_container\">\r\n\r\n    <!-- Tab Headers -->\r\n\r\n    <div class=\"tab_headers\"><button class=\"tab_button active\" onclick=\"openTab(event, 'fiscalComptable')\"><img decoding=\"async\" class=\"tab_logo_light\" src=\"https:\/\/www.compsa.cat\/wp-content\/uploads\/fiscalComptable.svg\" \/><img decoding=\"async\" class=\"tab_logo_dark\" src=\"https:\/\/www.compsa.cat\/wp-content\/uploads\/fiscalComptable_dark.svg\" \/>ASESOR\u00cdA FISCAL Y CONTABLE<\/button><button class=\"tab_button\" onclick=\"openTab(event, 'laboral')\"><img decoding=\"async\" class=\"tab_logo_light\" src=\"https:\/\/www.compsa.cat\/wp-content\/uploads\/laboral.svg\" \/><img decoding=\"async\" class=\"tab_logo_dark\" src=\"https:\/\/www.compsa.cat\/wp-content\/uploads\/laboral_dark.svg\" \/>ASESOR\u00cdA LABORAL<\/button><button class=\"tab_button\" onclick=\"openTab(event, 'juridica')\"><img decoding=\"async\" class=\"tab_logo_light\" src=\"https:\/\/www.compsa.cat\/wp-content\/uploads\/juridica.svg\" \/><img decoding=\"async\" class=\"tab_logo_dark\" src=\"https:\/\/www.compsa.cat\/wp-content\/uploads\/juridica_dark.svg\" \/>ASESOR\u00cdA JUR\u00cdDICA<\/button><button class=\"tab_button\" onclick=\"openTab(event, 'gestions')\"><img decoding=\"async\" class=\"tab_logo_light\" src=\"https:\/\/www.compsa.cat\/wp-content\/uploads\/gestions.svg\" \/><img decoding=\"async\" class=\"tab_logo_dark\" src=\"https:\/\/www.compsa.cat\/wp-content\/uploads\/gestions_dark.svg\" \/>GESTIONES ADMINISTRATIVAS<\/button><\/div>\r\n    <!-- Tab Content -->\r\n    <div class=\"tab_content_wrapper\">\r\n                    <div class=\"tab_content\" id=\"fiscalComptable\" style=\"display: inline-flex;\">\r\n                <div class=\"tab_content_logo\">\r\n                    <img decoding=\"async\" src=\"https:\/\/www.compsa.cat\/wp-content\/uploads\/fiscalComptable.svg\" \/>\r\n                <\/div>\r\n                <div class=\"tab_main\">\r\n                                            <div class='tab_title'>Estudios censales de actividad y diferentes opciones de tributaci\u00f3n.<\/div>                                                <div class='tab_title'>Impuesto sobre la Renta de las Personas F\u00edsicas (IRPF).<\/div>                                                <ul class=\"tab_list_content\"><li  >Estudio, c\u00e1lculo y presentaci\u00f3n anual de la declaraci\u00f3n y los pagos trimestrales.<\/li><li  >Atenci\u00f3n a las diferentes opciones de tributaci\u00f3n.<\/li><\/ul>                                                <div class='tab_title'>Impuesto sobre Sociedades.<\/div><ul class=\"tab_list_content\"><li  >Estudio, c\u00e1lculo y presentaci\u00f3n de las liquidaciones trimestrales o mensuales y el resumen anual.<\/li><li  >Cambios de reg\u00edmenes.<\/li><\/ul>                                                <div class='tab_title'>M\u00f3dulos.<\/div><ul class=\"tab_list_content\"><li  >Estudio, c\u00e1lculo y presentaci\u00f3n de las liquidaciones trimestrales o mensuales y el resumen anual.<\/li><li  >Cambios de reg\u00edmenes.<\/li><\/ul>                                                <div class='tab_title'>Contabilidad.<\/div><ul class=\"tab_list_content\"><li  >Seguimiento y asesoramiento continuado.<\/li><li  >Cambios de reg\u00edmenes.<\/li><li  >Contabilidad directa y simplificada.<\/li><li  >Cierre contable del ejercicio.<\/li><\/ul>                                                <div class='tab_title'>Inspecciones tributarias.<\/div><ul class=\"tab_list_content\"><li  >Atenci\u00f3n a requerimientos, recursos y otros tr\u00e1mites relacionados.<\/li><\/ul>                                                <div class='tab_title'>Libros oficiales, cuentas anuales y legalizaci\u00f3n en el Registro Mercantil.<\/div>                                        <\/div>\r\n            <\/div>\r\n                        <div class=\"tab_content\" id=\"laboral\" style=\"display: none;\">\r\n                <div class=\"tab_content_logo\">\r\n                    <img decoding=\"async\" src=\"https:\/\/www.compsa.cat\/wp-content\/uploads\/laboral.svg\" \/>\r\n                <\/div>\r\n                <div class=\"tab_main\">\r\n                                            <div class='tab_title'>N\u00f3minas, contratos, IT y gesti\u00f3n completa de la empresa y la contrataci\u00f3n.<\/div>                                                <div class='tab_title'>Altas y bajas a la Seguridad Social, aut\u00f3nomos, jubilaciones y cambios de r\u00e9gimen.<\/div><ul class=\"tab_list_content\"><li  >Estudio, c\u00e1lculo y presentaci\u00f3n anual de la declaraci\u00f3n y los pagos trimestrales.<\/li><li  >Atenci\u00f3n a las diferentes opciones de tributaci\u00f3n.<\/li><\/ul>                                                <div class='tab_title'>Inscripciones de empresas en la Seguridad Social y en otros organismos oficiales.<\/div><ul class=\"tab_list_content\"><li  >Estudio, c\u00e1lculo y presentaci\u00f3n anual de la declaraci\u00f3n y los pagos a cuenta.<\/li><\/ul>                                                <div class='tab_title'>Expedientes de conciliaci\u00f3n, sanciones y despidos.<\/div><ul class=\"tab_list_content\"><li  >Estudio, c\u00e1lculo y presentaci\u00f3n de las liquidaciones trimestrales o mensuales y el resumen anual.<\/li><li  >Cambios de reg\u00edmenes.<\/li><\/ul>                                                <div class='tab_title'>Recursos Humanos y gesti\u00f3n de contratos.<\/div><ul class=\"tab_list_content\"><li  >Estudio, c\u00e1lculo y presentaci\u00f3n de las liquidaciones trimestrales o mensuales y el resumen anual.<\/li><li  >Cambios de reg\u00edmenes.<\/li><\/ul>                                                <div class='tab_title'>Certificados de retribuciones anuales.<\/div><ul class=\"tab_list_content\"><li  >Seguimiento y asesoramiento continuado.<\/li><li  >Cambios de reg\u00edmenes.<\/li><\/ul>                                                <div class='tab_title'>Afiliaciones, altas o bajas a cualquier r\u00e9gimen de la Seguridad Social.<\/div><ul class=\"tab_list_content\"><li  >Atenci\u00f3n a requerimientos, recursos y otros tr\u00e1mites relacionados.<\/li><\/ul>                                                <div class='tab_title'>Libros oficiales, cuentas anuales y legalizaci\u00f3n en el Registro Mercantil.<\/div>                                        <\/div>\r\n            <\/div>\r\n                        <div class=\"tab_content\" id=\"juridica\" style=\"display: none;\">\r\n                <div class=\"tab_content_logo\">\r\n                    <img decoding=\"async\" src=\"https:\/\/www.compsa.cat\/wp-content\/uploads\/juridica.svg\" \/>\r\n                <\/div>\r\n                <div class=\"tab_main\">\r\n                                            <div class='tab_title'>Divorcios, separaciones, pensiones alimenticias, herencias.<\/div>                                                <div class='tab_title'>Reclamaciones de impagos, desahucios...<\/div>                                                <div class='tab_title'>Tr\u00e1mites en el Registro y en el Catastro.<\/div>                                                <div class='tab_title'>Contratos de compraventa, de alquiler, arras, pr\u00e9stamo, donaciones...<\/div>                                                <div class='tab_title'>Inmobiliario. Comunidades de propietarios.<\/div>                                                <div class='tab_title'>Constituciones, nombramiento de administradores, fusiones, disoluciones y otras operaciones societarias y mercantiles.<\/div>                                                <div class='tab_title'>Afiliaciones, altas o bajas a cualquier r\u00e9gimen de la Seguridad Social.<\/div>                                                <div class='tab_title'>Libros oficiales, cuentas anuales y legalizaci\u00f3n en el Registro Mercantil.<\/div>                                        <\/div>\r\n            <\/div>\r\n                        <div class=\"tab_content\" id=\"gestions\" style=\"display: none;\">\r\n                <div class=\"tab_content_logo\">\r\n                    <img decoding=\"async\" src=\"https:\/\/www.compsa.cat\/wp-content\/uploads\/gestions.svg\" \/>\r\n                <\/div>\r\n                <div class=\"tab_main\">\r\n                                            <div class='tab_title'>Empresas.<\/div><ul class=\"tab_list_content\"><li  >Aperturas de establecimientos.<\/li><li  >Altas y bajas de actividades.<\/li><li  >Carnets de manipuladores.<\/li><li  >Petici\u00f3n y gesti\u00f3n de licencias.<\/li><li  >Otros tr\u00e1mites.<\/li><\/ul>                                                <div class='tab_title'>Expedientes sancionadores e inspecciones administrativas.<\/div><ul class=\"tab_list_content\"><li  >Hacienda, Tr\u00e1fico, diputaci\u00f3n, Gobierno Aut\u00f3nomo...<\/li><\/ul>                                                <div class='tab_title'>Veh\u00edculos y transportes.<\/div><ul class=\"tab_list_content\"><li  >Matriculaciones.<\/li><li  >Transferencias.<\/li><li  >Altas y bajas.<\/li><li  >Tarjetas de transporte.<\/li><li  >Cambios de nombre y modificaciones.<\/li><li  >Gesti\u00f3n de sanciones y pago.<\/li><li  >Renovaci\u00f3n de licencias de conducci\u00f3n.<\/li><\/ul>                                                <div class='tab_title'>Tr\u00e1mites.<\/div><ul class=\"tab_list_content\"><li  ><\/p>\n<ul class='tab_list_childs_content'>\n<li class='tab_child_header'>Subvenciones.<\/li>\n<li>Solicitud y gesti\u00f3n de subvenciones generales.<\/li>\n<li>Solicitud y gesti\u00f3n de subvenciones para gas\u00f3leo agr\u00edcola\/profesional.<\/li>\n<\/ul>\n<p><\/li><li  ><\/p>\n<ul class='tab_list_childs_content'>\n<li class='tab_child_header'>Registro mercantil.<\/li>\n<li>Presentaci\u00f3n de libros en el Registro Mercantil.<\/li>\n<li>Legalizaci\u00f3n y encuadernaci\u00f3n de libros.<\/li>\n<li>\u00daltimas voluntades en el Registro Mercantil Central.<\/li>\n<li>Solicitud de certificados de denominaci\u00f3n social.<\/li>\n<\/ul>\n<p><\/li><li  ><\/p>\n<ul class='tab_list_childs_content'>\n<li class='tab_child_header'>Otros tr\u00e1mites.<\/li>\n<li>Tr\u00e1mites notariales.<\/li>\n<li>Libros de actas de socios.<\/li>\n<li>Seguros agrarios.<\/li>\n<li>Obtenci\u00f3n de licencias del Ayuntamiento y tr\u00e1mites relacionados.<\/li>\n<li>Estad\u00edstica, Estudio y complementaci\u00f3n.<\/li>\n<li>Renovaci\u00f3n del permiso de armas.<\/li>\n<li>Renovaci\u00f3n de licencia de caza.<\/li>\n<\/ul>\n<p><\/li><\/ul>                                        <\/div>\r\n            <\/div>\r\n                <\/div>\r\n\r\n<\/div><div class=\"compsa_service_help\">\r\n    <div class=\"compsa_service_help_wrapper\">\r\n        <div class=\"compsa_service_help_title\">\r\n            \u00bfNo encuentras el servicio que est\u00e1s buscando?        <\/div>\r\n        <div class=\"compsa_service_help_content\">\r\n            En COMPSA ofrecemos una amplia gama de servicios y cubrimos todas las necesidades que puedas tener, \u00a1no dudes en llamarnos o escribirnos para m\u00e1s informaci\u00f3n!        <\/div>\r\n        <a href=\"\/es\/contacte\/\">\r\n            <div class=\"compsa_button compsa_service_help_button\">\r\n                \u00a1Cont\u00e1ctanos aqu\u00ed!            <\/div>\r\n        <\/a>\r\n    <\/div>\r\n<\/div>","protected":false},"excerpt":{"rendered":"","protected":false},"author":1,"featured_media":0,"parent":0,"menu_order":0,"comment_status":"closed","ping_status":"closed","template":"","meta":{"footnotes":""},"class_list":["post-387","page","type-page","status-publish","hentry"],"_links":{"self":[{"href":"https:\/\/www.compsa.cat\/es\/wp-json\/wp\/v2\/pages\/387","targetHints":{"allow":["GET"]}}],"collection":[{"href":"https:\/\/www.compsa.cat\/es\/wp-json\/wp\/v2\/pages"}],"about":[{"href":"https:\/\/www.compsa.cat\/es\/wp-json\/wp\/v2\/types\/page"}],"author":[{"embeddable":true,"href":"https:\/\/www.compsa.cat\/es\/wp-json\/wp\/v2\/users\/1"}],"replies":[{"embeddable":true,"href":"https:\/\/www.compsa.cat\/es\/wp-json\/wp\/v2\/comments?post=387"}],"version-history":[{"count":2,"href":"https:\/\/www.compsa.cat\/es\/wp-json\/wp\/v2\/pages\/387\/revisions"}],"predecessor-version":[{"id":406,"href":"https:\/\/www.compsa.cat\/es\/wp-json\/wp\/v2\/pages\/387\/revisions\/406"}],"wp:attachment":[{"href":"https:\/\/www.compsa.cat\/es\/wp-json\/wp\/v2\/media?parent=387"}],"curies":[{"name":"wp","href":"https:\/\/api.w.org\/{rel}","templated":true}]}}