{"id":531,"date":"2023-09-19T15:47:01","date_gmt":"2023-09-19T13:47:01","guid":{"rendered":"https:\/\/www.compsa.cat\/lopd-proteccion-de-datos\/"},"modified":"2024-04-02T10:44:09","modified_gmt":"2024-04-02T08:44:09","slug":"lopd-proteccion-de-datos","status":"publish","type":"page","link":"https:\/\/www.compsa.cat\/es\/lopd-proteccion-de-datos\/","title":{"rendered":"LOPD Protecci\u00f3n de Datos"},"content":{"rendered":"<div class=\"fusion-fullwidth fullwidth-box fusion-builder-row-1 fusion-flex-container has-pattern-background has-mask-background nonhundred-percent-fullwidth non-hundred-percent-height-scrolling\" style=\"--awb-border-radius-top-left:0px;--awb-border-radius-top-right:0px;--awb-border-radius-bottom-right:0px;--awb-border-radius-bottom-left:0px;--awb-padding-top:40PX;--awb-padding-bottom:40PX;--awb-background-color:#155575;--awb-flex-wrap:wrap;\" ><div class=\"fusion-builder-row fusion-row fusion-flex-align-items-flex-start fusion-flex-content-wrap\" style=\"max-width:1248px;margin-left: calc(-4% \/ 2 );margin-right: calc(-4% \/ 2 );\"><div class=\"fusion-layout-column fusion_builder_column fusion-builder-column-0 fusion_builder_column_1_1 1_1 fusion-flex-column fusion-flex-align-self-center\" style=\"--awb-padding-top:16px;--awb-bg-size:cover;--awb-width-large:100%;--awb-margin-top-large:0px;--awb-spacing-right-large:1.92%;--awb-margin-bottom-large:0px;--awb-spacing-left-large:1.92%;--awb-width-medium:100%;--awb-order-medium:0;--awb-spacing-right-medium:1.92%;--awb-spacing-left-medium:1.92%;--awb-width-small:100%;--awb-order-small:0;--awb-spacing-right-small:1.92%;--awb-spacing-left-small:1.92%;\"><div class=\"fusion-column-wrapper fusion-column-has-shadow fusion-flex-justify-content-flex-start fusion-content-layout-column\"><div class=\"fusion-text fusion-text-1\" style=\"--awb-font-size:36px;--awb-text-color:var(--awb-color1);--awb-text-font-family:var(--awb-typography2-font-family);--awb-text-font-weight:var(--awb-typography2-font-weight);--awb-text-font-style:var(--awb-typography2-font-style);\"><p>Protecci\u00f3n de Datos (LOPD \u2013 RUE)<\/p>\n<\/div><\/div><\/div><\/div><\/div><div class=\"fusion-fullwidth fullwidth-box fusion-builder-row-2 fusion-flex-container has-pattern-background has-mask-background nonhundred-percent-fullwidth non-hundred-percent-height-scrolling\" style=\"--awb-border-radius-top-left:0px;--awb-border-radius-top-right:0px;--awb-border-radius-bottom-right:0px;--awb-border-radius-bottom-left:0px;--awb-padding-top:60px;--awb-padding-bottom:61px;--awb-flex-wrap:wrap;\" ><div class=\"fusion-builder-row fusion-row fusion-flex-align-items-flex-start fusion-flex-content-wrap\" style=\"max-width:1248px;margin-left: calc(-4% \/ 2 );margin-right: calc(-4% \/ 2 );\"><div class=\"fusion-layout-column fusion_builder_column fusion-builder-column-1 fusion_builder_column_1_1 1_1 fusion-flex-column\" style=\"--awb-bg-size:cover;--awb-width-large:100%;--awb-margin-top-large:0px;--awb-spacing-right-large:1.92%;--awb-margin-bottom-large:20px;--awb-spacing-left-large:1.92%;--awb-width-medium:100%;--awb-order-medium:0;--awb-spacing-right-medium:1.92%;--awb-spacing-left-medium:1.92%;--awb-width-small:100%;--awb-order-small:0;--awb-spacing-right-small:1.92%;--awb-spacing-left-small:1.92%;\"><div class=\"fusion-column-wrapper fusion-column-has-shadow fusion-flex-justify-content-flex-start fusion-content-layout-column\"><div class=\"fusion-text fusion-text-2\"><p><span style=\"text-decoration: underline;\"><strong>INFORMACI\u00d3N DE TRATAMIENTO DE DATOS DE CAR\u00c1CTER PERSONAL<\/strong><\/span><\/p>\n<p>En compliment del deure legal d&#8217;informaci\u00f3 establert en la Llei 3\/2018 de Protecci\u00f3 de Dades Personals i Garantia dels Drets Digitals i en l&#8217;article 13 de Reglament (EU)2016\/679 se &#8216;ls facilita la seg\u00fcent informaci\u00f3 b\u00e0sica relativa a les dades personals aportades.<\/p>\n<p><strong>Responsable del Tratamiento:<\/strong><\/p>\n<p>Compsa Consultor\u00eda Empresarial Integral, S.A.<br \/>\nA25041450<br \/>\nC\/ Barcelona, 55, altell, 25600, Balaguer, Lleida<br \/>\n973 241 354<br \/>\ninfo@compsa.cat<\/p>\n<p><strong>Finalitats del Tractament<\/strong><b>:<\/b><\/p>\n<p>Tratamos la informaci\u00f3n que nos facilita con el fin de cumplir<br \/>\ncon el deber de informaci\u00f3n previa y servicios proporcionados por nuestra empresa. Se utilizar\u00e1 su correo electr\u00f3nico para gestionar el env\u00edo de la informaci\u00f3n que nos solicite y para facilitarle ofertas de productos y servicios nuevos que pudieran ser de su inter\u00e9s. Los datos personales proporcionados ser\u00e1n conservados el tiempo m\u00ednimo necesario para satisfacer la finalidad para la cual los facilit\u00f3, as\u00ed como para atender las responsabilidades que se pudieran derivar de los datos suministrados y de cualquier otra exigencia legal.<\/p>\n<p><strong>Legitimaci\u00f3n del Tratamiento:<\/strong><\/p>\n<p>La base legal para el tratamiento de sus datos es su<br \/>\nconsentimiento previo para enviarle informaci\u00f3n sobre productos y servicios y el inter\u00e9s leg\u00edtimo del responsable en darle respuesta a las cuestiones planteadas.<\/p>\n<p><b>Destinatarios<\/b><\/p>\n<p>Si solicita informaci\u00f3n de nuestros servicios, no est\u00e1 prevista cesi\u00f3n alguna. Si finalmente contrata alguno de nuestros servicios, las cesiones previstas ser\u00e1n las m\u00ednimas y necesarias para el correcto cumplimiento del servicio contratado, su formalizaci\u00f3n, pago y facturaci\u00f3n. NO se prev\u00e9n transferencia de datos a terceros pa\u00edses<\/p>\n<p><b>Derechos:<\/b><\/p>\n<p>Usted tiene derecho a obtener informaci\u00f3n sobre si estamos tratando datos personales que le conciernen o no. Podr\u00e1 ejercer los derechos de acceso, rectificaci\u00f3n, supresi\u00f3n, limitaci\u00f3n, portabilidad y cancelaci\u00f3n sobre sus datos personales. En cualquier momento, el interesado puede retirar el consentimiento prestado sin que ello afecte a la licitud del tratamiento, as\u00ed como la posibilidad de acudir ante la autoridad de control competente (AEPD).<\/p>\n<p><b>Procedencia:<\/b><\/p>\n<p>Los datos personales proceden de la persona interesada y\/o de proveedores a los que haya prestado su consentimiento. La categor\u00eda de datos que tratamos son: identificativos (nombre, apellidos, DNI, tel\u00e9fono), direcciones postales y electr\u00f3nicas para comunicaciones Debido a la actividad principal y a los servicios contratados y \/o solicitados NO se tratan datos especialmente protegidos.<\/p>\n<p>&nbsp;<\/p>\n<p><span style=\"text-decoration: underline;\"><strong>Pol\u00edtica sobre Redes Sociales (LOPD-RUE)<\/strong><\/span><\/p>\n<p>En cumplimiento de lo dispuesto por<strong> Reglamento Europeo UE de Protecci\u00f3n de Datos de Car\u00e1cter Personal, 2016\/679, Compsa Consultor\u00eda Empresarial Integral, S.A.<\/strong> informa que cuenta con presencia y v\u00ednculo en su WEB con redes sociales Facebook, Instagram y Twitter y les da uso para mantener informado a sus clientes de los productos, servicios y novedades, as\u00ed como plataforma de difusi\u00f3n de sus actividades formativas por todo ello les informamos que;<br \/>\nLos datos recogidos mediante dichas redes sociales son tratados conforme a los requisitos legales exigidos en el Reglamento UE de Protecci\u00f3n de Datos, Si usted considera interesante ser nuestro FAN\/SEGUIDOR en este tipo de redes sociales, sepa que por seguirnos <span style=\"text-decoration: underline;\"><strong>usted est\u00e1 cediendo sus datos a dichas plataformas y deber\u00e1 por ello de conocer y aceptar el uso que estas plataformas hacen de sus datos.<\/strong><\/span><br \/>\n<strong>Asimismo, le indicamos que Compsa Consultor\u00eda Empresarial Integral, S.A. no tratar\u00e1 sus datos para otro fin que no sea \u00fanica y exclusivamente el consentido por el usuario y aceptado, cumpliendo de esta forma el principio de calidad dispuesto en la Ley Org\u00e1nica de Protecci\u00f3n de Datos.<\/strong><br \/>\nEl interesado podr\u00e1 darse de baja en dichas redes sociales, con un sencillo<strong> \u201cya no me gusta\u201d si bien ponemos a su disposici\u00f3n el siguiente correo electr\u00f3nico info@compsa.cat<\/strong> con el fin de facilitar la comunicaci\u00f3n para cualquier duda en relaci\u00f3n con su tratamiento, denuncia de fotos etc.<\/p>\n<p><span style=\"text-decoration: underline;\"><strong>Registro &#8211; Usuario<\/strong><\/span><br \/>\nAl utilizar la WEB www.compsa.cat el usuario no siempre debe facilitar un nombre, un correo electr\u00f3nico sino que puede optar por navegar en la web sin necesidad de registro. S\u00f3lo si desea solicitar informaci\u00f3n a trav\u00e9s del formulario de contacto deber\u00e1 facilitar los datos m\u00ednimos requeridos y aceptar la pol\u00edtica e privacidad<br \/>\nAceptando la pol\u00edtica de privacidad da su consentimiento expreso para que le facilitemos la informaci\u00f3n solicitada as\u00ed como para la posible recepci\u00f3n de boletines con informaci\u00f3n sobre ofertas, a cuyos efectos declara que toda la informaci\u00f3n suministrada a la hora de solicitar la informaci\u00f3n es verdadera, completa y precisa y que de conformidad con la Ley Org\u00e1nica 3\/2018 de 5 de diciembre de Protecci\u00f3n de Datos Personales y Garant\u00eda de los Derechos Digitales y al Reglamento Protecci\u00f3n de Datos de Car\u00e1cter Personal UE 679\/2016 de 27 de abril de 2016 debiendo aceptar su tratamiento.<br \/>\nLa persona que solicitan informaci\u00f3n sobre servicios o productos ofertados en la WEB autoriza expresamente a Compsa Consultor\u00eda Empresarial Integral, S.A. para que proceda a incluir sus datos en su registro de actividades automatizado concretamente denominado \u201cCOMUNICACIONES Y CONTACTOS WEB\u201d conforme al art\u00edculo 30 del Reglamento Protecci\u00f3n de Datos de Car\u00e1cter Personal UE 679\/2016 de 27 de abril de 2016 resultando que los datos de car\u00e1cter personal que proporcionados en los campos del formulario son necesarios para la adecuada prestaci\u00f3n de solicitud de informaci\u00f3n cuya recogida tiene como finalidad:<br \/>\n\u2022 Poder ofrecerle respuesta a su solicitud<br \/>\n\u2022 Mantenerle informado de ofertas y promociones similares a las contratadas.<\/p>\n<p><span style=\"text-decoration: underline;\"><strong>Limitaci\u00f3n de Responsabilidad<\/strong><\/span><br \/>\nCompsa Consultor\u00eda Empresarial Integral, S.A. efect\u00faa los mayores esfuerzos para la actualizaci\u00f3n, mantenimiento y funcionamiento de su sitio WEB, ofreciendo al Usuario este sitio como una herramienta para la informaci\u00f3n corporativa y de servicios, no obstante, Compsa Consultor\u00eda Empresarial Integral, S.A. no puede garantizar la ausencia de fallos t\u00e9cnicos, la seguridad total del servicio WEB, ni que el mismo este operativo las 24 horas del d\u00eda, siete d\u00edas a la semana en todo momento.<\/p>\n<p><strong><span style=\"text-decoration: underline;\">Propiedad Industrial e Intelectual<\/span><br \/>\n<\/strong>Esta WEB es propiedad de Compsa Consultor\u00eda Empresarial Integral, S.A. los derechos de Propiedad Intelectual y derechos de explotaci\u00f3n y reproducci\u00f3n de esta WEB, de sus p\u00e1ginas, pantallas, la informaci\u00f3n que contienen, su apariencia y dise\u00f1o, as\u00ed como los v\u00ednculos (\u00abhiperlinks\u00bb) que se establezcan desde ella a otras p\u00e1ginas WEB de cualquier sociedad anunciante en la misma, son propiedad exclusiva de esta y dem\u00e1s anunciantes conforme a sus WEBs corporativas, salvo que expresamente se especifique otra cosa. Cualquier denominaci\u00f3n, dise\u00f1o y\/o logotipo, foto, as\u00ed como cualquier producto o servicio ofrecidos y reflejados en esta p\u00e1gina WEB, son propiedad de Compsa Consultor\u00eda Empresarial Integral, S.A.<br \/>\nCualquier uso indebido de las mismas por personas diferentes de su leg\u00edtimo titular y sin el consentimiento expreso e inequ\u00edvoco por parte de este podr\u00e1 ser denunciado y perseguido a trav\u00e9s de todos los medios legales existentes en el Ordenamiento Jur\u00eddico espa\u00f1ol y\/o comunitario.<br \/>\nLos derechos de autor, propiedad intelectual y marcas de terceros si los hubiese est\u00e1n destacados convenientemente y deben ser respetados por todo aquel que acceda a esta p\u00e1gina, no siendo responsabilidad de Compsa Consultor\u00eda Empresarial Integral, S.A. el uso que el usuario pueda llevar a cabo al respecto, recayendo la responsabilidad exclusiva en su persona.<br \/>\nCompsa Consultor\u00eda Empresarial Integral, S.A. se reserva la facultad de modificar, suspender, cancelar o restringir el contenido de la WEB, los v\u00ednculos o la informaci\u00f3n obtenida a trav\u00e9s de ella, sin necesidad de previo aviso. Esta, en ning\u00fan caso, asume responsabilidad alguna como consecuencia de la incorrecta utilizaci\u00f3n de la WEB que pueda llevar a cabo el usuario, tanto de la informaci\u00f3n como de los servicios en ella contenidos.<\/p>\n<\/div><\/div><\/div><\/div><\/div>\n","protected":false},"excerpt":{"rendered":"","protected":false},"author":1,"featured_media":0,"parent":0,"menu_order":0,"comment_status":"closed","ping_status":"closed","template":"","meta":{"footnotes":""},"class_list":["post-531","page","type-page","status-publish","hentry"],"_links":{"self":[{"href":"https:\/\/www.compsa.cat\/es\/wp-json\/wp\/v2\/pages\/531","targetHints":{"allow":["GET"]}}],"collection":[{"href":"https:\/\/www.compsa.cat\/es\/wp-json\/wp\/v2\/pages"}],"about":[{"href":"https:\/\/www.compsa.cat\/es\/wp-json\/wp\/v2\/types\/page"}],"author":[{"embeddable":true,"href":"https:\/\/www.compsa.cat\/es\/wp-json\/wp\/v2\/users\/1"}],"replies":[{"embeddable":true,"href":"https:\/\/www.compsa.cat\/es\/wp-json\/wp\/v2\/comments?post=531"}],"version-history":[{"count":2,"href":"https:\/\/www.compsa.cat\/es\/wp-json\/wp\/v2\/pages\/531\/revisions"}],"predecessor-version":[{"id":533,"href":"https:\/\/www.compsa.cat\/es\/wp-json\/wp\/v2\/pages\/531\/revisions\/533"}],"wp:attachment":[{"href":"https:\/\/www.compsa.cat\/es\/wp-json\/wp\/v2\/media?parent=531"}],"curies":[{"name":"wp","href":"https:\/\/api.w.org\/{rel}","templated":true}]}}